{"id":19,"date":"2014-01-06T11:32:43","date_gmt":"2014-01-06T09:32:43","guid":{"rendered":"http:\/\/derdiedaslernen.de\/?page_id=19"},"modified":"2018-06-06T08:05:16","modified_gmt":"2018-06-06T07:05:16","slug":"ueber-mich","status":"publish","type":"page","link":"https:\/\/www.derdiedaslernen.de\/?page_id=19","title":{"rendered":"\u00dcber mich"},"content":{"rendered":"<p>Der integrative Lerntherapeut und Gr\u00fcnder von\u00a0<i>derdiedasLernen<\/i>, J\u00f6rg M\u00f6llmeier, hat im Lernf\u00f6rderungsbereich folgende Stationen seiner Laufbahn erfolgreich gestaltet:<\/p>\n<ul>\n<li>Ausbau der Konzeption im Verwaltungs-und Kursbereich und als Lehrkraft\u00a0 im\u00a0<i>Sch\u00fclerkolleg (jetzt ABC-Sch\u00fclerkolleg)<\/i>\u00a0in Murnau\/Bayern<\/li>\n<li>T\u00e4tigkeit als Lehrkraft, vor allem Dyskalkulie, und schulischer Begleiter in Zusammenarbeit mit verschiedenen Lerninstitutionen und Jugend\u00e4mtern\u00a0in Bayern und NRW<\/li>\n<li>Koordination und Durchf\u00fchrung der Lerncamps bei\u00a0<i>Intersport Kicker Fu\u00dfballcamps<\/i>\u00a0in Nord- und Westdeutschlan<\/li>\n<li><i><\/i>P\u00e4dagogischer Leiter und stellvertretende Leiter am\u00a0<i>Deutschen-Fu\u00dfball-Internat \/ Marl(DFI)<br \/>\n<\/i><\/p>\n<p><div id=\"attachment_83\" style=\"width: 310px\" class=\"wp-caption alignright\"><img aria-describedby=\"caption-attachment-83\" loading=\"lazy\" class=\"size-medium wp-image-83 \" alt=\"Herr J\u00f6rg M\u00f6llmeier\" src=\"https:\/\/derdiedaslernen.de\/wp-content\/uploads\/2014\/01\/joerg_moellmeier-300x213.jpg\" width=\"300\" height=\"213\" srcset=\"https:\/\/www.derdiedaslernen.de\/wp-content\/uploads\/2014\/01\/joerg_moellmeier-300x213.jpg 300w, https:\/\/www.derdiedaslernen.de\/wp-content\/uploads\/2014\/01\/joerg_moellmeier.jpg 854w\" sizes=\"(max-width: 300px) 100vw, 300px\" \/><p id=\"caption-attachment-83\" class=\"wp-caption-text\">Herr M\u00f6llmeier<\/p><\/div><\/li>\n<\/ul>\n","protected":false},"excerpt":{"rendered":"<p>Der integrative Lerntherapeut und Gr\u00fcnder von\u00a0derdiedasLernen, J\u00f6rg M\u00f6llmeier, hat im Lernf\u00f6rderungsbereich folgende Stationen seiner Laufbahn erfolgreich gestaltet: Ausbau der Konzeption im Verwaltungs-und Kursbereich und als Lehrkraft\u00a0 im\u00a0Sch\u00fclerkolleg (jetzt ABC-Sch\u00fclerkolleg)\u00a0in Murnau\/Bayern T\u00e4tigkeit als Lehrkraft, vor allem Dyskalkulie, und schulischer Begleiter in Zusammenarbeit mit verschiedenen Lerninstitutionen und Jugend\u00e4mtern\u00a0in Bayern und NRW Koordination und Durchf\u00fchrung der Lerncamps bei\u00a0Intersport &hellip;<br \/><a href=\"https:\/\/www.derdiedaslernen.de\/?page_id=19\">Read more <span class=\"meta-nav\">&rarr;<\/span><\/a><\/p>\n","protected":false},"author":1,"featured_media":0,"parent":0,"menu_order":0,"comment_status":"closed","ping_status":"open","template":"","meta":[],"_links":{"self":[{"href":"https:\/\/www.derdiedaslernen.de\/index.php?rest_route=\/wp\/v2\/pages\/19"}],"collection":[{"href":"https:\/\/www.derdiedaslernen.de\/index.php?rest_route=\/wp\/v2\/pages"}],"about":[{"href":"https:\/\/www.derdiedaslernen.de\/index.php?rest_route=\/wp\/v2\/types\/page"}],"author":[{"embeddable":true,"href":"https:\/\/www.derdiedaslernen.de\/index.php?rest_route=\/wp\/v2\/users\/1"}],"replies":[{"embeddable":true,"href":"https:\/\/www.derdiedaslernen.de\/index.php?rest_route=%2Fwp%2Fv2%2Fcomments&post=19"}],"version-history":[{"count":14,"href":"https:\/\/www.derdiedaslernen.de\/index.php?rest_route=\/wp\/v2\/pages\/19\/revisions"}],"predecessor-version":[{"id":119,"href":"https:\/\/www.derdiedaslernen.de\/index.php?rest_route=\/wp\/v2\/pages\/19\/revisions\/119"}],"wp:attachment":[{"href":"https:\/\/www.derdiedaslernen.de\/index.php?rest_route=%2Fwp%2Fv2%2Fmedia&parent=19"}],"curies":[{"name":"wp","href":"https:\/\/api.w.org\/{rel}","templated":true}]}}