{"id":72,"date":"2014-01-22T09:47:29","date_gmt":"2014-01-22T08:47:29","guid":{"rendered":"http:\/\/derdiedaslernen.de\/?page_id=72"},"modified":"2018-06-06T08:04:41","modified_gmt":"2018-06-06T07:04:41","slug":"einrichtung","status":"publish","type":"page","link":"https:\/\/www.derdiedaslernen.de\/?page_id=72","title":{"rendered":"Einrichtung"},"content":{"rendered":"<p>Lernen ist ein ganzheitlicher Vorgang, an dem viele Bausteine beteiligt sind.<\/p>\n<p>So geh\u00f6rt nach meiner \u00dcberzeugung vor allem der Lernort dazu. Denn auf die richtige Umgebung kommt es an! Die L\u00f6sung muss und kann nicht nur die R\u00e4ume der Lernzentren oder Nachhilfeinstitute sein, sondern auch die der h\u00e4uslichen Umgebung oder in den Schulen.<\/p>\n<p>Gemeinsam mit dem Kind\/Jugendlichen und den Eltern schaffen wir eine freundliche und kooperative Atmosph\u00e4re, die ein engagiertes und effektives Lernen erst m\u00f6glich macht<\/p>\n","protected":false},"excerpt":{"rendered":"<p>Lernen ist ein ganzheitlicher Vorgang, an dem viele Bausteine beteiligt sind. So geh\u00f6rt nach meiner \u00dcberzeugung vor allem der Lernort dazu. Denn auf die richtige Umgebung kommt es an! Die L\u00f6sung muss und kann nicht nur die R\u00e4ume der Lernzentren oder Nachhilfeinstitute sein, sondern auch die der h\u00e4uslichen Umgebung oder in den Schulen. Gemeinsam mit &hellip;<br \/><a href=\"https:\/\/www.derdiedaslernen.de\/?page_id=72\">Read more <span class=\"meta-nav\">&rarr;<\/span><\/a><\/p>\n","protected":false},"author":1,"featured_media":0,"parent":19,"menu_order":0,"comment_status":"closed","ping_status":"open","template":"","meta":[],"_links":{"self":[{"href":"https:\/\/www.derdiedaslernen.de\/index.php?rest_route=\/wp\/v2\/pages\/72"}],"collection":[{"href":"https:\/\/www.derdiedaslernen.de\/index.php?rest_route=\/wp\/v2\/pages"}],"about":[{"href":"https:\/\/www.derdiedaslernen.de\/index.php?rest_route=\/wp\/v2\/types\/page"}],"author":[{"embeddable":true,"href":"https:\/\/www.derdiedaslernen.de\/index.php?rest_route=\/wp\/v2\/users\/1"}],"replies":[{"embeddable":true,"href":"https:\/\/www.derdiedaslernen.de\/index.php?rest_route=%2Fwp%2Fv2%2Fcomments&post=72"}],"version-history":[{"count":2,"href":"https:\/\/www.derdiedaslernen.de\/index.php?rest_route=\/wp\/v2\/pages\/72\/revisions"}],"predecessor-version":[{"id":109,"href":"https:\/\/www.derdiedaslernen.de\/index.php?rest_route=\/wp\/v2\/pages\/72\/revisions\/109"}],"up":[{"embeddable":true,"href":"https:\/\/www.derdiedaslernen.de\/index.php?rest_route=\/wp\/v2\/pages\/19"}],"wp:attachment":[{"href":"https:\/\/www.derdiedaslernen.de\/index.php?rest_route=%2Fwp%2Fv2%2Fmedia&parent=72"}],"curies":[{"name":"wp","href":"https:\/\/api.w.org\/{rel}","templated":true}]}}