{"id":75,"date":"2014-01-22T09:54:25","date_gmt":"2014-01-22T08:54:25","guid":{"rendered":"http:\/\/derdiedaslernen.de\/?page_id=75"},"modified":"2014-01-27T11:53:48","modified_gmt":"2014-01-27T10:53:48","slug":"konzept","status":"publish","type":"page","link":"https:\/\/www.derdiedaslernen.de\/?page_id=75","title":{"rendered":"Konzept"},"content":{"rendered":"<h2>\u201eKinder und Jugendliche dort abholen, wo sie sich in dem Moment befinden\u201c<\/h2>\n<p>Schrittweise und vertrauensvoll helfen, die schulischen Aufgaben und Situationen immer sicherer und mit zunehmender Zeit selbst\u00e4ndig zu l\u00f6sen (selbstinstruiertes Lernen). Die Entwicklung und die Ausbildung, die den Sch\u00fclern erm\u00f6glichen sollen, sich ihrem individuellen Leistungsverm\u00f6gen entsprechend weiter qualifizieren zu k\u00f6nnen und einen Abschluss zu erreichen. Grundpfeiler ist die vertrauensvolle und pers\u00f6nliche Zusammenarbeit mit den Eltern und den Schulen.<\/p>\n<h2>\u201eGemeinsam Eltern und ihren Kindern aus der schwierigen Lernsituation helfen\u201c<\/h2>\n<p>In einem ersten pers\u00f6nlichen Gespr\u00e4ch werden die wichtigsten Sachinformationen ausgetauscht und die Fragen kompetent beantwortet. Danach\u00a0 wird\u00a0 besprochen, wie die Ist-Situation aussieht, welches Ziel erreicht werden soll und was daf\u00fcr geleistet werden muss bzw. ver\u00e4ndert werden muss. Das Ziel ist, das das Kind \/der Jugendliche Lernstrategien und Instruktionsformen selbst steuern kann, um sein eigenes Zeitmanagement betreiben zu k\u00f6nnen und so die schulische Situation erfolgreich meistern lernt.<\/p>\n<h2>\u201eVoraussetzungen verbessern und gemeinsam festgelegte Ziele erreichen wollen\u201c<\/h2>\n<p>Dabei sind folgende Punkte zu analysieren und zu optimieren:<\/p>\n<h3>Motivation: Was ist der pers\u00f6nliche Grund und das Ziel, die schulischen Leistungen zu verbessern?<\/h3>\n<p>Geht es um Schlie\u00dfung von Wissensl\u00fccken, Notenverbesserung, Vorbereiten auf Klassenarbeiten oder Pr\u00fcfungen? Geht es um die Versetzung oder um den Schulabschluss?\u00a0 Wie hoch ist das Engagement? Wie hoch ist die Anstrengungsbereitschaft?<\/p>\n<h3>Tagesablauf: Wie sieht mein Schulalltag aus?<\/h3>\n<p>Wie sieht der Tagesablauf des Sch\u00fclers aus? Wann steht er auf? Wann und wie lange ist der Schulunterricht und welche F\u00e4cher werden an dem Tag unterrichtet? Wie sieht die Mittagszeit aus? Wann, wo und wie werden die Hausaufgaben erledigt? Mit wem wird gelernt und wie oft\/ wie lange? Was sind die Freizeitaktivit\u00e4ten und zu welcher Zeit nimmt er daran teil? Wie sieht der abendliche Ablauf aus (wann wird gegessen und wann ist Bettruhe)?<\/p>\n<h3>Lernstoff: Wie lerne ich mit den dargebotenen Stoff aus der Schule?<\/h3>\n<p>Wie wird mit dem zu bearbeitenden Lernstoff umgegangen? Gibt es L\u00fccken, die geschlossen werden m\u00fcssen? Muss methodisch reduziert werden oder wird mit anderen Hilfsmitteln und Medien gearbeitet?<\/p>\n<h3>Lernumgebung: Wie gestalte ich zu Hause meine Lernumgebung?<\/h3>\n<p>Wo wird gelernt(Elternhaus oder andere \u00d6rtlichkeiten)? In welchen R\u00e4umlichkeiten (K\u00fcche, Wohnzimmer, (eigenes) Kinderzimmer)? Sind andere Personen in den Raum? Sind Medien in den Raum? Ist der Raum mit Sachgegenst\u00e4nden ausgestattet, die einen ablenkenden Aufforderungscharakter besitzen (Spielzeug, Musik, Poster, etc.)?<\/p>\n<h3>Lerntyp: Wie lerne ich am besten?<\/h3>\n<ul>\n<li>Lernt das Kind \/ der Sch\u00fcler \u00fcber das H\u00f6ren \/ das Gesagte (auditiv)?<\/li>\n<li>Lernt das Kind \/ der Sch\u00fcler \u00fcber das Sehen \/ das Geschriebene (visuell)?<\/li>\n<li>Lernt das Kind \/ der Sch\u00fcler \u00fcber das Gespr\u00e4ch \/ die Diskussion (kommunikativ)?<\/li>\n<li>Lernt das Kind \/ der Sch\u00fcler \u00fcber die Bewegung \/\u00a0 die Handlung (motorisch)?<\/li>\n<\/ul>\n<h4>Lernstrukturen: Wie entwickelt ist meine Lern- und Leistungsf\u00e4higkeit?<\/h4>\n<p>Erkenne ich Lernstrukturen? Halte ich Lernstrukturen ein? Habe ich die F\u00e4higkeit zum effektiven Lernen? Sehe ich die Notwendigkeit zum lebenslangen Lernen? Was ist schon automatisiert? Wie hoch ist meine Selbstkompetenz?<\/p>\n","protected":false},"excerpt":{"rendered":"<p>\u201eKinder und Jugendliche dort abholen, wo sie sich in dem Moment befinden\u201c Schrittweise und vertrauensvoll helfen, die schulischen Aufgaben und Situationen immer sicherer und mit zunehmender Zeit selbst\u00e4ndig zu l\u00f6sen (selbstinstruiertes Lernen). Die Entwicklung und die Ausbildung, die den Sch\u00fclern erm\u00f6glichen sollen, sich ihrem individuellen Leistungsverm\u00f6gen entsprechend weiter qualifizieren zu k\u00f6nnen und einen Abschluss zu &hellip;<br \/><a href=\"https:\/\/www.derdiedaslernen.de\/?page_id=75\">Read more <span class=\"meta-nav\">&rarr;<\/span><\/a><\/p>\n","protected":false},"author":1,"featured_media":91,"parent":19,"menu_order":0,"comment_status":"closed","ping_status":"open","template":"","meta":[],"_links":{"self":[{"href":"https:\/\/www.derdiedaslernen.de\/index.php?rest_route=\/wp\/v2\/pages\/75"}],"collection":[{"href":"https:\/\/www.derdiedaslernen.de\/index.php?rest_route=\/wp\/v2\/pages"}],"about":[{"href":"https:\/\/www.derdiedaslernen.de\/index.php?rest_route=\/wp\/v2\/types\/page"}],"author":[{"embeddable":true,"href":"https:\/\/www.derdiedaslernen.de\/index.php?rest_route=\/wp\/v2\/users\/1"}],"replies":[{"embeddable":true,"href":"https:\/\/www.derdiedaslernen.de\/index.php?rest_route=%2Fwp%2Fv2%2Fcomments&post=75"}],"version-history":[{"count":4,"href":"https:\/\/www.derdiedaslernen.de\/index.php?rest_route=\/wp\/v2\/pages\/75\/revisions"}],"predecessor-version":[{"id":93,"href":"https:\/\/www.derdiedaslernen.de\/index.php?rest_route=\/wp\/v2\/pages\/75\/revisions\/93"}],"up":[{"embeddable":true,"href":"https:\/\/www.derdiedaslernen.de\/index.php?rest_route=\/wp\/v2\/pages\/19"}],"wp:featuredmedia":[{"embeddable":true,"href":"https:\/\/www.derdiedaslernen.de\/index.php?rest_route=\/wp\/v2\/media\/91"}],"wp:attachment":[{"href":"https:\/\/www.derdiedaslernen.de\/index.php?rest_route=%2Fwp%2Fv2%2Fmedia&parent=75"}],"curies":[{"name":"wp","href":"https:\/\/api.w.org\/{rel}","templated":true}]}}