{"id":80,"date":"2014-01-22T10:16:21","date_gmt":"2014-01-22T09:16:21","guid":{"rendered":"http:\/\/derdiedaslernen.de\/?page_id=80"},"modified":"2014-01-27T11:49:52","modified_gmt":"2014-01-27T10:49:52","slug":"foerderungsformen","status":"publish","type":"page","link":"https:\/\/www.derdiedaslernen.de\/?page_id=80","title":{"rendered":"F\u00f6rderungsformen"},"content":{"rendered":"<h2>Hausaufgabentraining (mit begleitenden Punkte-, Tages- oder Wochenpl\u00e4nen):<\/h2>\n<p>Das Hausaufgabentraining hat ausschlie\u00dflich nur den aktuellen Bezug zu den t\u00e4glichen Hausaufgaben. Das Kind \/ der Jugendliche soll lernen, mit welchen Organisationformen, mit welchen Hilfsmitteln und\u00a0 mit welchen Strategien die Hausaufgaben zu erledigen sind. Dabei\u00a0 wird in vier Stufen vorgegangen, damit die Hausaufgaben vollst\u00e4ndig und sachgerecht richtig sind. Das Hausaufgabentraining kann auch in einer homogenen (gleichen Klassenstufe) 3er-Gruppe stattfinden und durch begleitenden Punkte-, Tages- oder Wochenpl\u00e4nen erweitert werden.<\/p>\n<h2>Nachhilfetraining (mit begleitenden Tages- oder Wochenpl\u00e4nen)<\/h2>\n<p>Das Nachhilfetraining ist fachspezifisch und bedarf daher fachlicher Unterst\u00fctzung. Dabei muss im Vorfeld der Ma\u00dfnahme mit den Eltern und dem Sch\u00fcler analysiert und besprochen werden, welche Schwerpunkte (Wissensl\u00fccken schlie\u00dfen, auf Arbeiten\/Klausuren vorbereiten, Pr\u00fcfungen bestehen, Noten verbessern, etc.) \u00a0methodisch erarbeitet werden m\u00fcssen. Das Nachhilfetraining kann durch begleitenden Tages- und Wochenpl\u00e4nen erweitert werden.<\/p>\n<p>&nbsp;<\/p>\n<h2>Training des Lernverhaltens (mit schulbegleitenden Ma\u00dfnahmen)<\/h2>\n<p>Diese F\u00f6rderung beinhaltet eine enge Zusammenarbeit mit dem Kind und den Eltern. Neben den individuellen Lerneinheiten, werden Lernsituationen mit dem Kind und den Eltern gemeinsam durchgef\u00fchrt. Gemeinsam werden 4 Stufen des Zielaufbaues schrittweise durchgef\u00fchrt. Bei Sch\u00fclern ab der Grundschule sind schulbegleitende Ma\u00dfnahmen (u.a. Hospitation des Schulunterrichtes) ein wichtiges Instrument der Prozesssteuerung.<\/p>\n<p>&nbsp;<\/p>\n<h3>LRS und Dyskalkulie<\/h3>\n<p>Lerntherapeutische Ma\u00dfnahmen sind bei den Teilleistungsst\u00f6rungen Dyskalkulie und LRS notwendig. Nach einer individuellen Diagnostik zur Erfassung der speziellen Probleme des einzelnen Kindes, erfolgt eine Testung, die analysiert wird. Auf diesen Grundlagen werden dann die individuellen therapeutischen F\u00f6rderungspl\u00e4ne im Einzelunterricht umgesetzt.<\/p>\n<h3>Psychomotorische \/ koordinative Ma\u00dfnahmen zur Verbesserung der Lernleistungen<\/h3>\n<p>Was hat das Erlernen von Lesen, Rechtschreibung und Rechnen mit dem Erlernen von Tennisspielen, Fu\u00dfballspielen, Fahrradfahren usw. gemeinsam?<\/p>\n<p>Antwort: Automatisierung der Informationsverarbeitung!<\/p>\n<p>Durch viele Bewegungs\u00fcbungen mit allen Sinnen und unterschiedlichen Materialien wird eine Verbesserung der Informationsverarbeitung angeregt und somit die Lernleistung verbessert. Neben der Automatisierung geht es vor allem um die Variabilit\u00e4t, beide Gehirnh\u00e4lften immer wieder neu anzusprechen.<\/p>\n<p>Vorteile:<\/p>\n<ul>\n<li>Lernen ohne Anstrengung (st\u00f6rungsresistent)<\/li>\n<li>Parallelverarbeitung ist m\u00f6glich<\/li>\n<li>Flexibilisierung des Erlernten<\/li>\n<\/ul>\n<h3>Life-Kinetik<\/h3>\n<p>Hier erfahren Sie mehr zum Thema Life Kinetik ( <strong><a title=\"Life Kinetik Trainer\" href=\" http:\/\/www.lifekinetik.de\/lifekinetiktrainer.html?trainer=joerg.moellmeier\" target=\"_blank\">www.lifekinetik.de<\/a><\/strong> )<\/p>\n<h3>Sonderform: Schulische Begleitung von Sch\u00fclern, die Leistungssport betreiben<\/h3>\n<p>Wie viele Kinder und Jugendliche tr\u00e4umen davon ein Star in seiner Lieblingssportart zu werden? W\u00e4ren da nicht die schulischen Leistungen, die verhindern, mehr Zeit f\u00fcr das Erreichen des sportlichen Ziels zu haben. \u2013 W\u00e4ren da nicht die Bedenken der Eltern:\u201c Kind, erlerne erst einmal einen richtigen Beruf. So bleibt manches Talent auf der Strecke\u2026. entweder schulisch oder sportlich oder im schlimmsten Falle in beiden Bereichen.<\/p>\n<p><strong>Das muss nicht sein: Sprechen Sie mich an, wenn die Bereiche Schule und Sport koordiniert und begleitet werden m\u00fcssen!\u00a0\u00a0<\/strong><\/p>\n<p>&nbsp;<\/p>\n","protected":false},"excerpt":{"rendered":"<p>Hausaufgabentraining (mit begleitenden Punkte-, Tages- oder Wochenpl\u00e4nen): Das Hausaufgabentraining hat ausschlie\u00dflich nur den aktuellen Bezug zu den t\u00e4glichen Hausaufgaben. Das Kind \/ der Jugendliche soll lernen, mit welchen Organisationformen, mit welchen Hilfsmitteln und\u00a0 mit welchen Strategien die Hausaufgaben zu erledigen sind. Dabei\u00a0 wird in vier Stufen vorgegangen, damit die Hausaufgaben vollst\u00e4ndig und sachgerecht richtig sind. &hellip;<br \/><a href=\"https:\/\/www.derdiedaslernen.de\/?page_id=80\">Read more <span class=\"meta-nav\">&rarr;<\/span><\/a><\/p>\n","protected":false},"author":1,"featured_media":87,"parent":19,"menu_order":0,"comment_status":"closed","ping_status":"open","template":"","meta":[],"_links":{"self":[{"href":"https:\/\/www.derdiedaslernen.de\/index.php?rest_route=\/wp\/v2\/pages\/80"}],"collection":[{"href":"https:\/\/www.derdiedaslernen.de\/index.php?rest_route=\/wp\/v2\/pages"}],"about":[{"href":"https:\/\/www.derdiedaslernen.de\/index.php?rest_route=\/wp\/v2\/types\/page"}],"author":[{"embeddable":true,"href":"https:\/\/www.derdiedaslernen.de\/index.php?rest_route=\/wp\/v2\/users\/1"}],"replies":[{"embeddable":true,"href":"https:\/\/www.derdiedaslernen.de\/index.php?rest_route=%2Fwp%2Fv2%2Fcomments&post=80"}],"version-history":[{"count":4,"href":"https:\/\/www.derdiedaslernen.de\/index.php?rest_route=\/wp\/v2\/pages\/80\/revisions"}],"predecessor-version":[{"id":98,"href":"https:\/\/www.derdiedaslernen.de\/index.php?rest_route=\/wp\/v2\/pages\/80\/revisions\/98"}],"up":[{"embeddable":true,"href":"https:\/\/www.derdiedaslernen.de\/index.php?rest_route=\/wp\/v2\/pages\/19"}],"wp:featuredmedia":[{"embeddable":true,"href":"https:\/\/www.derdiedaslernen.de\/index.php?rest_route=\/wp\/v2\/media\/87"}],"wp:attachment":[{"href":"https:\/\/www.derdiedaslernen.de\/index.php?rest_route=%2Fwp%2Fv2%2Fmedia&parent=80"}],"curies":[{"name":"wp","href":"https:\/\/api.w.org\/{rel}","templated":true}]}}